{"id":135,"date":"2022-05-27T14:13:33","date_gmt":"2022-05-27T12:13:33","guid":{"rendered":"https:\/\/www.rab.co.rs\/?page_id=135"},"modified":"2022-05-27T14:13:33","modified_gmt":"2022-05-27T12:13:33","slug":"vinska-karta","status":"publish","type":"page","link":"https:\/\/www.rab.co.rs\/?page_id=135","title":{"rendered":"\u0412\u0438\u043d\u0441\u043a\u0430 \u043a\u0430\u0440\u0442\u0430"},"content":{"rendered":"\n<p class=\"has-text-align-center has-medium-font-size\"><strong>\u0423 \u043f\u043e\u043d\u0443\u0434\u0438 \u0438\u043c\u0430\u043c\u043e \u043f\u0440\u0435\u043a\u043e 100 \u0435\u0442\u0438\u043a\u0435\u0442\u0430 \u0438\u0437 \u0412\u0440\u0448\u0446\u0430,\u0438 \u043e\u043a\u043e\u043b\u0438\u043d\u0435,\u043a\u0430\u043e \u0438 \u0421\u0440\u0431\u0438\u0458\u0435,\u0421\u0442\u0430\u0440\u043e\u0433 \u0438 \u041d\u043e\u0432\u043e\u0433 \u0421\u0432\u0435\u0442\u0430.<\/strong><\/p>\n\n\n\n<p><\/p>\n\n\n\n<p class=\"has-medium-font-size\"><strong>\u0412\u0438\u043d\u0430 \u0421\u0440\u0431\u0438\u0458\u0435<\/strong><\/p>\n\n\n\n<p class=\"has-medium-font-size\">\u0411\u0415\u041b\u0410 \u0412\u0418\u041d\u0410\/WHITE WINES<\/p>\n\n\n\n<p>-Chardonnay 0.75l,<\/p>\n\n\n\n<p>Vinarija Dra\u0161kovi\u0107,Vr\u0161ac<\/p>\n\n\n\n<p>Vinarija Rnjak,Gudurica<\/p>\n\n\n\n<p>Ma\u010dkov podrum,Irig<\/p>\n\n\n\n<p>Mali Podrum Radovanovi\u0107,Krnjevo<\/p>\n\n\n\n<p>Vinarija Soul Wine,Vr\u0161ac<\/p>\n\n\n\n<p>Bonaca 0.75l,Vinarija Aleksi\u0107 Vranje<\/p>\n\n\n\n<p>Harizma 0.75l,Vinarija Aleksandrovi\u0107 Oplenac<\/p>\n\n\n\n<p>-Sauvignon blanc 0.75l<\/p>\n\n\n\n<p>Vinarija Rnjak,Gudurica<\/p>\n\n\n\n<p>Ma\u010dkov podrum,Irig<\/p>\n\n\n\n<p>-Pinot blanc 0.75l<\/p>\n\n\n\n<p>Vinarija Dra\u0161kovi\u0107,Vr\u0161ac<\/p>\n\n\n\n<p>Vinarija Soul Wine,Vr\u0161ac<\/p>\n\n\n\n<p>-Incognito\/Rajnski rizling 0.75l Ma\u010dkov podrum,Irig<\/p>\n\n\n\n<p>-Trijumf Selection\/Sauvignon blanc,Pinot blanc,Riesling 0.75l Vinarija Aleksandrovi\u0107 Oplenac<\/p>\n\n\n\n<p>-Classique\/Rajnski rizling 0.75l Vinarija So\u010danski Veliko Sredi\u0161te<\/p>\n\n\n\n<p>-Tri Morave belo\/Tamjanika,Smederevka,Morava 0.75l Vinarija Temet Lozovik<\/p>\n\n\n\n<p>-Tamjanika 0.75l Vinarija Spasi\u0107 Aleksandrovac<\/p>\n\n\n\n<p>-Tamjanika 0.75l Lastar Sekuri\u010d<\/p>\n\n\n\n<p>-Traminac 0.75l<\/p>\n\n\n\n<p>Vinarija Bahus,Gudurica<\/p>\n\n\n\n<p>Ma\u010dkov podrum,Irig<\/p>\n\n\n\n<p>-Muscat ottonel 0.75l<\/p>\n\n\n\n<p>Vinarija Dra\u0161kovi\u0107 Vr\u0161ac<\/p>\n\n\n\n<p>Vinarija Soul Wine Vr\u0161ac<\/p>\n\n\n\n<p class=\"has-medium-font-size\">\u0426\u0420\u0412\u0415\u041d\u0410 \u0412\u0418\u041d\u0410\/RED WINES<\/p>\n\n\n\n<p>-Frankovka 0.75l<\/p>\n\n\n\n<p>Vinarija Dra\u0161kovi\u0107 Vr\u0161ac<\/p>\n\n\n\n<p>Vinarija Soul Wine Vr\u0161ac<\/p>\n\n\n\n<p>-Caberlot\/Cabernet Sauvignon,Merlot 0.75l Vinarija Bahus Gudurica<\/p>\n\n\n\n<p>-Cabernet Sauvignon classique 0.75l Mali Podrum Radovanovi\u0107 Krnjevo<\/p>\n\n\n\n<p>-Aurelius\/Cabernet Sauvignon,Merlot 0.75l Vinarija Kova\u010devi\u0107 Irig<\/p>\n\n\n\n<p>-Kremen\/Cabernet Sauvignon 0.75l Vinarija Matalj Negotin<\/p>\n\n\n\n<p>-Cabernet Sauvignon 0.75l Vinarija Soul Wine Vr\u0161ac<\/p>\n\n\n\n<p>-Pinot noir 0.75l Vinarija Belo Brdo \u010cerevi\u0107<\/p>\n\n\n\n<p>-Marselan 0.75l Vinarija Belo Brdo \u010cerevi\u0107<\/p>\n\n\n\n<p>-Amanet\/Vranac 0.75l Vinarija Aleksi\u0107 Vranje<\/p>\n\n\n\n<p>-Nikad Nije Kasno 0.75l\/Merlot,Cabernet Sauvignon,Prokupac Rubin Kru\u0161evac<\/p>\n\n\n\n<p>-Tri Morave Crveno\/Prokupac,Merlot 0.75l Vinarija Temet Lozovik<\/p>\n\n\n\n<p class=\"has-medium-font-size\">\u0420\u041e\u0417\u0415 \u0412\u0418\u041d\u0410\/ROSE WINES<\/p>\n\n\n\n<p>-Roze 0.75l<\/p>\n\n\n\n<p>Vinarija Dra\u0161kovi\u0107 Vr\u0161ac<\/p>\n\n\n\n<p>Vinarija Rnjak Gudurica<\/p>\n\n\n\n<p>Classigue roze Vinarija So\u010danski Veliko Sredi\u0161te<\/p>\n\n\n\n<p>-Frajla 0.75l Ma\u010dkov podrum Irig<\/p>\n\n\n\n<p>-Tri Morave roze 0.75l\/Syrah,Cabernet Sauvignon Vinarija Temet Lozovik<\/p>\n\n\n\n<p>-Mona\/Pinot noir 0.75l Vinarija Soul Wine<\/p>\n\n\n\n<p>&nbsp;\u041f\u0415\u041d\u0423\u0428\u0410\u0412\u0426\u0418\/SPARKLING<\/p>\n\n\n\n<p>-Fresco Bianco 0.75l Vinarija Kova\u010devi\u0107 Irig<\/p>\n\n\n\n<p class=\"has-medium-font-size\">\u0414\u0415\u0421\u0415\u0420\u0422\u041d\u0410 \u0412\u0418\u041d\u0410\/DESSERT WINES<\/p>\n\n\n\n<p>-Di\u0161krecija 0.5l Ma\u010dkov podrum Irig<\/p>\n\n\n\n<p class=\"has-medium-font-size\"><strong>\u0412\u0418\u041d\u0410 \u0418\u0417 \u0420\u0415\u0413\u0418\u041e\u041d\u0410\/WINE FROM REGION<\/strong><\/p>\n\n\n\n<p>\u0411\u0415\u041b\u0410 \u0412\u0418\u041d\u0410\/WHITE WINES<\/p>\n\n\n\n<p>-Barovo belo\/Grenache blanc,Chardonnay 0.75l Vinarija Tikve\u0161 Macedonia<\/p>\n\n\n\n<p>-\u017dilavka 0.75l Podrum Vukoje Trebinje<\/p>\n\n\n\n<p>\u0426\u0420\u0412\u0415\u041d\u0410 \u0412\u0418\u041d\u0410\/RED WINES<\/p>\n\n\n\n<p>-Barovo crveno\/Vranac,Krato\u0161ija 0.75l Vinarija Tikve\u0161 Macedonia<\/p>\n\n\n\n<p>-Vranac 0.75l Vinarija Tikve\u0161 Macedonia<\/p>\n\n\n\n<p>\u0412\u0418\u041d\u0410 \u0421\u0422\u0410\u0420\u041e\u0413 \u0421\u0412\u0415\u0422\u0410\/WINES OF THE OLD WORLD<\/p>\n\n\n\n<p class=\"has-medium-font-size\">\u0411\u0415\u041b\u0410 \u0412\u0418\u041d\u0410\/WHITE WINES<\/p>\n\n\n\n<p>-Trebbiano D&#8217;Abruzzo 0.75l Marina Cveti\u0107 Italija<\/p>\n\n\n\n<p>-Gavi di Gavi 0.75l Stefano Farina Italija<\/p>\n\n\n\n<p>-Casa da Pasarela branco 0.75l O Abriga da Pasarela Portugal<\/p>\n\n\n\n<p>-Marija Bonita Loureiro 0.75l Lua Cheia Em Vinhas Velhas Portugalija<\/p>\n\n\n\n<p>-Prova regia reserve 0.75l Quinta da Romeira Portugal<\/p>\n\n\n\n<p>-Nico 10 0.75l Peg\u00f4es Portugal<\/p>\n\n\n\n<p>-Nuestro&nbsp; Verdejo 0.75l Bodegas Marque&#8217;s de Tomares Espania<\/p>\n\n\n\n<p>-Sciaia\/Malvazija,Chardonnay 0.75l Coutine Risveglio SCPA Italija<\/p>\n\n\n\n<p class=\"has-medium-font-size\"><strong>\u0412\u0418\u041d\u0410 \u0421\u0422\u0410\u0420\u041e\u0413 \u0421\u0412\u0415\u0422\u0410\/WINES OF THE OLD WORLD<\/strong><\/p>\n\n\n\n<p class=\"has-medium-font-size\">\u0426\u0420\u0412\u0415\u041d\u0410 \u0412\u0418\u041d\u0410\/RED WINES<\/p>\n\n\n\n<p>-Iskra 0.75l Marina Cveti\u0107 Italija<\/p>\n\n\n\n<p>-Merlot 0.75l Marina Cveti\u0107 Italija<\/p>\n\n\n\n<p>-Primitivo del Salento 0.75l Stefano Farina Italija<\/p>\n\n\n\n<p>-Grand Veneur Cotes du Rhone 0.75l Alien Jaume&amp;Fils France<\/p>\n\n\n\n<p>-Chateauneuf du Pape 0.75l Bonpas France<\/p>\n\n\n\n<p>-Veegha 0.75l Sogevinus Fine Vines Portugal<\/p>\n\n\n\n<p>-Rovisco Pais premium 0.75l St.Isidro de Pegoes Portugal<\/p>\n\n\n\n<p>-Lua Cheie em Vinhas Velhas 0.75l Lua Cheia em Vinhas Velhas Portugal<\/p>\n\n\n\n<p>-Casa da Pasarella tinto 0.75l O Abrigo da Pasarella Portugal<\/p>\n\n\n\n<p>-Quinta da Garida reserva 0.75l Bacalh\u00f4a Portugal&nbsp;&nbsp;<\/p>\n\n\n\n<p class=\"has-medium-font-size\"><strong>\u0420\u041e\u0417\u0415 \u0412\u0418\u041d\u0410\/ROSE WINE<\/strong><\/p>\n\n\n\n<p>-Casal Mendes 0.75l Aliaca Vinhos Portugal<\/p>\n\n\n\n<p>\u0428\u0410\u041c\u041f\u0410\u040a\u0426\u0418&amp;\u041f\u0415\u041d\u0423\u0428\u0410\u0412\u0410 \u0412\u0418\u041d\u0410\/CHAMPAGNES&amp;SPARKLING<\/p>\n\n\n\n<p>-Billecart Salmon 0.75l Billecart Salmon France<\/p>\n\n\n\n<p>-Alianca tinto bruto reserve 0.75l Alianca Vinhos Portugal<\/p>\n\n\n\n<p>-Alianca Baga 0.75l Alianca Vinhos Portugal<\/p>\n\n\n\n<p>-Cafe de Paris zova 0.75l Pernord Ricard France<\/p>\n\n\n\n<p>-Cafe de Paris orange 0.75l Pernord Ricard France<\/p>\n\n\n\n<p class=\"has-medium-font-size\">\u0414\u0415\u0421\u0415\u0420\u0422\u041d\u0410 \u0412\u0418\u041d\u0410\/DESSERT WINES<\/p>\n\n\n\n<p>-Muscat de Satubal 0.75l Bacalh\u00f4a Portugal<\/p>\n\n\n\n<p>-Taylors 0.75l Quinta and Vineyard Bottlers-Vinhad Portugal<\/p>\n\n\n\n<p>-Kopke 0.75l Sogevinus Portugal<\/p>\n\n\n\n<p>-Tawny dee 0.375l Nieport Vinhos Portugal<\/p>\n\n\n\n<p>-Ruby dum 0.375l Nieoirt Vinhos Portugal<\/p>\n\n\n\n<p class=\"has-medium-font-size\"><strong>\u0412\u0418\u041d\u0410 \u041d\u041e\u0412\u041e\u0413 \u0421\u0412\u0415\u0422\u0410\/WINE OF THE NEW WORLD<\/strong><\/p>\n\n\n\n<p class=\"has-medium-font-size\">\u0426\u0420\u0412\u0415\u041d\u0410 \u0412\u0418\u041d\u0410\/RED WINES<\/p>\n\n\n\n<p>-Catena Cabernet Sauvignon 0.75l Catena Zapata Argentina<\/p>\n\n\n\n<p>-Chakana Cabernet Sauvignon 0.75l Chakana Argentina<\/p>\n","protected":false},"excerpt":{"rendered":"<p>\u0423 \u043f\u043e\u043d\u0443\u0434\u0438 \u0438\u043c\u0430\u043c\u043e \u043f\u0440\u0435\u043a\u043e 100 \u0435\u0442\u0438\u043a\u0435\u0442\u0430 \u0438\u0437 \u0412\u0440\u0448\u0446\u0430,\u0438 \u043e\u043a\u043e\u043b\u0438\u043d\u0435,\u043a\u0430\u043e \u0438 \u0421\u0440\u0431\u0438\u0458\u0435,\u0421\u0442\u0430\u0440\u043e\u0433 \u0438 \u041d\u043e\u0432\u043e\u0433 \u0421\u0432\u0435\u0442\u0430. \u0412\u0438\u043d\u0430 \u0421\u0440\u0431\u0438\u0458\u0435 \u0411\u0415\u041b\u0410 \u0412\u0418\u041d\u0410\/WHITE WINES -Chardonnay 0.75l, Vinarija Dra\u0161kovi\u0107,Vr\u0161ac Vinarija Rnjak,Gudurica Ma\u010dkov podrum,Irig Mali Podrum Radovanovi\u0107,Krnjevo&hellip;<a href=\"https:\/\/www.rab.co.rs\/?page_id=135\" class=\"more-link\"><span class=\"more-button\">\u041d\u0430\u0441\u0442\u0430\u0432\u0438\u0442\u0435 \u0447\u0438\u0442\u0430\u0442\u0438<span class=\"screen-reader-text\">\u0412\u0438\u043d\u0441\u043a\u0430 \u043a\u0430\u0440\u0442\u0430<\/span><\/span><\/a><\/p>\n","protected":false},"author":1,"featured_media":0,"parent":0,"menu_order":0,"comment_status":"closed","ping_status":"closed","template":"","meta":{"footnotes":""},"class_list":["post-135","page","type-page","status-publish","hentry"],"_links":{"self":[{"href":"https:\/\/www.rab.co.rs\/index.php?rest_route=\/wp\/v2\/pages\/135","targetHints":{"allow":["GET"]}}],"collection":[{"href":"https:\/\/www.rab.co.rs\/index.php?rest_route=\/wp\/v2\/pages"}],"about":[{"href":"https:\/\/www.rab.co.rs\/index.php?rest_route=\/wp\/v2\/types\/page"}],"author":[{"embeddable":true,"href":"https:\/\/www.rab.co.rs\/index.php?rest_route=\/wp\/v2\/users\/1"}],"replies":[{"embeddable":true,"href":"https:\/\/www.rab.co.rs\/index.php?rest_route=%2Fwp%2Fv2%2Fcomments&post=135"}],"version-history":[{"count":3,"href":"https:\/\/www.rab.co.rs\/index.php?rest_route=\/wp\/v2\/pages\/135\/revisions"}],"predecessor-version":[{"id":138,"href":"https:\/\/www.rab.co.rs\/index.php?rest_route=\/wp\/v2\/pages\/135\/revisions\/138"}],"wp:attachment":[{"href":"https:\/\/www.rab.co.rs\/index.php?rest_route=%2Fwp%2Fv2%2Fmedia&parent=135"}],"curies":[{"name":"wp","href":"https:\/\/api.w.org\/{rel}","templated":true}]}}